{"id":2,"date":"2021-05-24T14:28:01","date_gmt":"2021-05-24T12:28:01","guid":{"rendered":"https:\/\/labs.dimes.unical.it\/ai-ds-lab\/?page_id=2"},"modified":"2021-05-24T18:38:02","modified_gmt":"2021-05-24T16:38:02","slug":"pagina-di-esempio","status":"publish","type":"page","link":"https:\/\/labs.dimes.unical.it\/ai-ds-lab\/","title":{"rendered":"Home"},"content":{"rendered":"<p>Il <strong>Laboratorio Artificial Intelligence and Data Science<\/strong> del Dipartimento di Ingegneria Informatica, Modellistica, Elettronica e Sistemistica (DIMES) dell&#8217;Universit\u00e0 della Calabria, ha come obiettivo lo sviluppo di conoscenze e tecnologie nei settori dell\u2019intelligenza artificiale e della scienza dei dati, ritenuti di massima importanza strategica nei processi decisionali di imprese ed agenzie governative, nello studio di comportamenti economici e sociali su larga scala, e nella soluzione di problemi scientifici complessi.<\/p>\n<p>La sinergia tra intelligenza artificiale e scienza dei dati \u00e8 considerata la combinazione di metodologie e tecnologie pi\u00f9 dirompente dei nostri tempi, poich\u00e9, grazie alla progressiva disponibilit\u00e0 di grandi quantit\u00e0 di dati prodotti dalla trasformazione digitale nonch\u00e9 la disponibilit\u00e0 di potenze di calcolo anche a basso costo, consente di sviluppare sistemi intelligenti capaci di percepire il mondo esterno, apprendere, ragionare e agire come un sistema biologico.<\/p>\n<p>I temi di ricerca affrontati nel Laboratorio Artificial Intelligence and Data Science sono molteplici e conivolgono aspetti teorici e metodologici, tecnologici, e applicativi. Alcune dei principali ambiti di interesse riguardano le seguenti aree: database systems, big data management e analytics, logic programming e constraint programming, game theory, knowledge-based representation e reasoning, data mining e knowledge discovery, machine learning e deep learning, natural language processing, information retrieval, complex network science e social network science.<\/p>\n<p>Il Laboratorio Artificial Intelligence and Data Science opera in stretta cooperazione con il Laboratorio Nazionale di Artificial Intelligence and Intelligent Systems (AIIS) del Consorzio Interuniversitario Nazionale per l\u2019Informatica (CINI). Il Laboratorio Artificial Intelligence and Data Science, oltre alle attivit\u00e0 di ricerca, promuove iniziative di public engagement, volte a diffondere la cultura e la conoscenza sulle problematiche inerenti l\u2019intelligenza artificiale e la scienza dei dati, nonch\u00e9 l\u2019impiego consapevole e in sicurezza delle nuove tecnologie da parte degli utenti finali.<\/p>\n<p><strong>Ubicazione<\/strong>: cubo 41C (primo piano), cubo 44Z (piano terra)<\/p>\n<p><strong>Responsabile Scientifico<\/strong>: <a href=\"https:\/\/people.dimes.unical.it\/andreatagarelli\/\" target=\"_blank\" rel=\"noopener\">prof. Andrea Tagarelli<\/a><\/p>\n","protected":false},"excerpt":{"rendered":"<p>Il Laboratorio Artificial Intelligence and Data Science del Dipartimento di Ingegneria Informatica, Modellistica, Elettronica e Sistemistica (DIMES) dell&#8217;Universit\u00e0 della Calabria, ha come obiettivo lo sviluppo di conoscenze e tecnologie nei settori dell\u2019intelligenza artificiale e della scienza dei dati, ritenuti di massima importanza strategica nei processi decisionali di imprese ed agenzie governative, nello studio di comportamenti&hellip; <a class=\"more-link\" href=\"https:\/\/labs.dimes.unical.it\/ai-ds-lab\/\">Continua a leggere <span class=\"screen-reader-text\">Home<\/span><\/a><\/p>\n","protected":false},"author":18,"featured_media":0,"parent":0,"menu_order":0,"comment_status":"closed","ping_status":"open","template":"","meta":{"footnotes":""},"class_list":["post-2","page","type-page","status-publish","hentry","entry"],"_links":{"self":[{"href":"https:\/\/labs.dimes.unical.it\/ai-ds-lab\/wp-json\/wp\/v2\/pages\/2","targetHints":{"allow":["GET"]}}],"collection":[{"href":"https:\/\/labs.dimes.unical.it\/ai-ds-lab\/wp-json\/wp\/v2\/pages"}],"about":[{"href":"https:\/\/labs.dimes.unical.it\/ai-ds-lab\/wp-json\/wp\/v2\/types\/page"}],"author":[{"embeddable":true,"href":"https:\/\/labs.dimes.unical.it\/ai-ds-lab\/wp-json\/wp\/v2\/users\/18"}],"replies":[{"embeddable":true,"href":"https:\/\/labs.dimes.unical.it\/ai-ds-lab\/wp-json\/wp\/v2\/comments?post=2"}],"version-history":[{"count":4,"href":"https:\/\/labs.dimes.unical.it\/ai-ds-lab\/wp-json\/wp\/v2\/pages\/2\/revisions"}],"predecessor-version":[{"id":28,"href":"https:\/\/labs.dimes.unical.it\/ai-ds-lab\/wp-json\/wp\/v2\/pages\/2\/revisions\/28"}],"wp:attachment":[{"href":"https:\/\/labs.dimes.unical.it\/ai-ds-lab\/wp-json\/wp\/v2\/media?parent=2"}],"curies":[{"name":"wp","href":"https:\/\/api.w.org\/{rel}","templated":true}]}}